{"id":50,"date":"2021-01-31T20:20:16","date_gmt":"2021-01-31T19:20:16","guid":{"rendered":"https:\/\/www.pcprczluchow.pl\/?page_id=50"},"modified":"2024-06-14T10:03:51","modified_gmt":"2024-06-14T08:03:51","slug":"kontakt","status":"publish","type":"page","link":"https:\/\/www.pcprczluchow.pl\/?page_id=50","title":{"rendered":"Kontakt"},"content":{"rendered":"<p>[et_pb_section fb_built=&#8221;1&#8243; custom_padding_last_edited=&#8221;on|phone&#8221; admin_label=&#8221;Header&#8221; _builder_version=&#8221;4.16&#8243; background_image=&#8221;https:\/\/www.pcprczluchow.pl\/wp-content\/uploads\/2021\/12\/food-bank_88.jpg&#8221; parallax=&#8221;on&#8221; custom_margin=&#8221;-19px|||||&#8221; custom_padding=&#8221;0px||0vw|||&#8221; custom_padding_tablet=&#8221;40px|||&#8221; custom_padding_phone=&#8221;0px|||&#8221; locked=&#8221;off&#8221; global_colors_info=&#8221;{}&#8221;][et_pb_row custom_padding_last_edited=&#8221;on|desktop&#8221; _builder_version=&#8221;4.16&#8243; custom_margin=&#8221;20px|auto||auto||&#8221; custom_padding=&#8221;|30px||30px||true&#8221; custom_padding_tablet=&#8221;40px||&#8221; custom_padding_phone=&#8221;&#8221; box_shadow_style=&#8221;preset7&#8243; box_shadow_horizontal=&#8221;0px&#8221; box_shadow_vertical=&#8221;154px&#8221; box_shadow_color=&#8221;rgba(116,186,87,0.8)&#8221; global_colors_info=&#8221;{}&#8221;][et_pb_column type=&#8221;4_4&#8243; _builder_version=&#8221;4.16&#8243; custom_padding=&#8221;|||&#8221; custom_padding_last_edited=&#8221;off|desktop&#8221; global_colors_info=&#8221;{}&#8221; custom_padding__hover=&#8221;|||&#8221;][et_pb_text _builder_version=&#8221;4.16&#8243; text_text_color=&#8221;#F9F9F9&#8243; header_font=&#8221;Amiko|700||on|||||&#8221; header_text_align=&#8221;center&#8221; header_text_color=&#8221;#F9F9F9&#8243; header_font_size=&#8221;65px&#8221; header_letter_spacing=&#8221;-1px&#8221; header_line_height=&#8221;1.1em&#8221; custom_margin=&#8221;14px|||||&#8221; custom_padding=&#8221;16px||0px|||&#8221; header_font_size_tablet=&#8221;56px&#8221; header_font_size_phone=&#8221;40px&#8221; header_font_size_last_edited=&#8221;on|phone&#8221; locked=&#8221;off&#8221; global_colors_info=&#8221;{}&#8221;]<\/p>\n<h1>KONTAKT<\/h1>\n<p>[\/et_pb_text][\/et_pb_column][\/et_pb_row][\/et_pb_section][et_pb_section fb_built=&#8221;1&#8243; admin_label=&#8221;FAQ&#8221; _builder_version=&#8221;4.16&#8243; background_color=&#8221;#F9F9F9&#8243; custom_padding=&#8221;||0px|||&#8221; global_colors_info=&#8221;{}&#8221;][et_pb_row module_id=&#8221;wyslijwiadomosc&#8221; _builder_version=&#8221;4.16&#8243; global_colors_info=&#8221;{}&#8221;][et_pb_column type=&#8221;4_4&#8243; _builder_version=&#8221;4.16&#8243; custom_padding=&#8221;|||&#8221; global_colors_info=&#8221;{}&#8221; custom_padding__hover=&#8221;|||&#8221;][et_pb_text _builder_version=&#8221;4.16&#8243; _module_preset=&#8221;default&#8221; custom_padding=&#8221;21px|||||&#8221; global_colors_info=&#8221;{}&#8221;]<\/p>\n<p style=\"text-align: center;\">&#8211;\u00a0<strong><\/strong><\/p>\n<p style=\"text-align: center;\"><strong>Kierownik Powiatowego Centrum Pomocy Rodzinie:<\/strong><\/p>\n<p style=\"text-align: center;\">mgr Pawe\u0142 Kisielowski<\/p>\n<p style=\"text-align: center;\">\n<p style=\"text-align: center;\"><strong>Zast\u0119pca Kierownika:<\/strong><\/p>\n<p style=\"text-align: center;\">mgr Monika Zawada<\/p>\n<p>&nbsp;<\/p>\n<h3 style=\"text-align: center;\"><strong>DANE TELEADRESOWE:<\/strong><\/h3>\n<p style=\"text-align: center;\"><strong>TELEFON: 59 715 49 80<\/strong><\/p>\n<p style=\"text-align: center;\"><strong>E-FAX: 59 715 49 95<\/strong><\/p>\n<p style=\"text-align: center;\">UL. WOJSKA POLSKIEGO 5, 77-300 CZ\u0141UCH\u00d3W<\/p>\n<p style=\"text-align: center;\">\n<p style=\"text-align: center;\">Dodatkowy kontakt:<\/p>\n<p style=\"text-align: center;\">&#8211; sprawy zwi\u0105zane z PCPR, piecz\u0105 zast\u0119pcz\u0105, usamodzielnianiem, kierowaniem do DPS \u2013 tel. 602 153 042<\/p>\n<p style=\"text-align: center;\">&#8211; sprawy zwi\u0105zane z orzekaniem o niepe\u0142nosprawno\u015bci i stopniu niepe\u0142nosprawno\u015bci \u2013 tel. 662 772 787<\/p>\n<p style=\"text-align: center;\">\n<p style=\"text-align: center;\">E-MAIL: <a href=\"mailto:sekretariat@pcprczluchow.pl\">sekretariat@pcprczluchow.pl<\/a>\u00a0<br \/>EPUAP: \/24GIM0OE0Q\/SKRYTKAESP<\/p>\n<p style=\"text-align: center;\">\n<p style=\"text-align: center;\"><strong>Mo\u017cesz napisa\u0107 do nas za pomoc\u0105 formularza poni\u017cej:\u00a0<\/strong><\/p>\n<p style=\"text-align: center;\">\n<p>&nbsp;<\/p>\n<p>[\/et_pb_text][et_pb_contact_form email=&#8221;pcprczluchow@gmail.com&#8221; custom_message=&#8221;Firma: %%cname%%||et_pb_line_break_holder||Email: %%email%%||et_pb_line_break_holder||Tre\u015b\u0107: %%message%%&#8221; success_message=&#8221;Dzi\u0119kujemy za wys\u0142anie wiadomo\u015bci, odezwiemy si\u0119 wkr\u00f3tce&#8221; submit_button_text=&#8221;Wy\u015blij wiadomo\u015b\u0107&#8221; module_id=&#8221;et_pb_contact_form_0&#8243; _builder_version=&#8221;4.21.0&#8243; form_field_background_color=&#8221;#F9F9F9&#8243; form_field_text_color=&#8221;#292929&#8243; form_field_focus_background_color=&#8221;RGBA(255,255,255,0)&#8221; form_field_focus_text_color=&#8221;RGBA(255,255,255,0)&#8221; title_font=&#8221;Arimo|700|||||||&#8221; title_text_color=&#8221;#292929&#8243; title_font_size=&#8221;42px&#8221; form_field_font=&#8221;Arimo|||on|||||&#8221; form_field_font_size=&#8221;16px&#8221; custom_button=&#8221;on&#8221; button_text_size=&#8221;14px&#8221; button_text_color=&#8221;#2a2a2a&#8221; button_border_width=&#8221;4px&#8221; button_border_radius=&#8221;0px&#8221; button_letter_spacing=&#8221;4px&#8221; button_font=&#8221;Arimo|700||on|||||&#8221; button_icon=&#8221;&#x24;||divi||400&#8243; min_height=&#8221;407.4px&#8221; custom_margin=&#8221;-48px||36px|||&#8221; custom_padding=&#8221;5px||0px|||&#8221; title_font_size_tablet=&#8221;&#8221; title_font_size_phone=&#8221;36px&#8221; title_font_size_last_edited=&#8221;on|phone&#8221; form_field_text_shadow_style=&#8221;preset5&#8243; border_color_all=&#8221;#292929&#8243; box_shadow_style=&#8221;preset1&#8243; form_background_color=&#8221;#ffffff&#8221; global_colors_info=&#8221;{}&#8221;][et_pb_contact_field field_id=&#8221;cname&#8221; field_title=&#8221;Twoje imi\u0119&#8221; fullwidth_field=&#8221;on&#8221; _builder_version=&#8221;4.16&#8243; global_colors_info=&#8221;{}&#8221; button_text_size__hover_enabled=&#8221;off&#8221; button_one_text_size__hover_enabled=&#8221;off&#8221; button_two_text_size__hover_enabled=&#8221;off&#8221; button_text_color__hover_enabled=&#8221;off&#8221; button_one_text_color__hover_enabled=&#8221;off&#8221; button_two_text_color__hover_enabled=&#8221;off&#8221; button_border_width__hover_enabled=&#8221;off&#8221; button_one_border_width__hover_enabled=&#8221;off&#8221; button_two_border_width__hover_enabled=&#8221;off&#8221; button_border_color__hover_enabled=&#8221;off&#8221; button_one_border_color__hover_enabled=&#8221;off&#8221; button_two_border_color__hover_enabled=&#8221;off&#8221; button_border_radius__hover_enabled=&#8221;off&#8221; button_one_border_radius__hover_enabled=&#8221;off&#8221; button_two_border_radius__hover_enabled=&#8221;off&#8221; button_letter_spacing__hover_enabled=&#8221;off&#8221; button_one_letter_spacing__hover_enabled=&#8221;off&#8221; button_two_letter_spacing__hover_enabled=&#8221;off&#8221; button_bg_color__hover_enabled=&#8221;off&#8221; button_one_bg_color__hover_enabled=&#8221;off&#8221; button_two_bg_color__hover_enabled=&#8221;off&#8221;][\/et_pb_contact_field][et_pb_contact_field field_id=&#8221;Email&#8221; field_title=&#8221;Adres email&#8221; field_type=&#8221;email&#8221; fullwidth_field=&#8221;on&#8221; _builder_version=&#8221;4.16&#8243; global_colors_info=&#8221;{}&#8221; button_text_size__hover_enabled=&#8221;off&#8221; button_one_text_size__hover_enabled=&#8221;off&#8221; button_two_text_size__hover_enabled=&#8221;off&#8221; button_text_color__hover_enabled=&#8221;off&#8221; button_one_text_color__hover_enabled=&#8221;off&#8221; button_two_text_color__hover_enabled=&#8221;off&#8221; button_border_width__hover_enabled=&#8221;off&#8221; button_one_border_width__hover_enabled=&#8221;off&#8221; button_two_border_width__hover_enabled=&#8221;off&#8221; button_border_color__hover_enabled=&#8221;off&#8221; button_one_border_color__hover_enabled=&#8221;off&#8221; button_two_border_color__hover_enabled=&#8221;off&#8221; button_border_radius__hover_enabled=&#8221;off&#8221; button_one_border_radius__hover_enabled=&#8221;off&#8221; button_two_border_radius__hover_enabled=&#8221;off&#8221; button_letter_spacing__hover_enabled=&#8221;off&#8221; button_one_letter_spacing__hover_enabled=&#8221;off&#8221; button_two_letter_spacing__hover_enabled=&#8221;off&#8221; button_bg_color__hover_enabled=&#8221;off&#8221; button_one_bg_color__hover_enabled=&#8221;off&#8221; button_two_bg_color__hover_enabled=&#8221;off&#8221;][\/et_pb_contact_field][et_pb_contact_field field_id=&#8221;Message&#8221; field_title=&#8221;Tre\u015b\u0107 wiadomo\u015bci&#8221; field_type=&#8221;text&#8221; fullwidth_field=&#8221;on&#8221; _builder_version=&#8221;4.16&#8243; global_colors_info=&#8221;{}&#8221; button_text_size__hover_enabled=&#8221;off&#8221; button_one_text_size__hover_enabled=&#8221;off&#8221; button_two_text_size__hover_enabled=&#8221;off&#8221; button_text_color__hover_enabled=&#8221;off&#8221; button_one_text_color__hover_enabled=&#8221;off&#8221; button_two_text_color__hover_enabled=&#8221;off&#8221; button_border_width__hover_enabled=&#8221;off&#8221; button_one_border_width__hover_enabled=&#8221;off&#8221; button_two_border_width__hover_enabled=&#8221;off&#8221; button_border_color__hover_enabled=&#8221;off&#8221; button_one_border_color__hover_enabled=&#8221;off&#8221; button_two_border_color__hover_enabled=&#8221;off&#8221; button_border_radius__hover_enabled=&#8221;off&#8221; button_one_border_radius__hover_enabled=&#8221;off&#8221; button_two_border_radius__hover_enabled=&#8221;off&#8221; button_letter_spacing__hover_enabled=&#8221;off&#8221; button_one_letter_spacing__hover_enabled=&#8221;off&#8221; button_two_letter_spacing__hover_enabled=&#8221;off&#8221; button_bg_color__hover_enabled=&#8221;off&#8221; button_one_bg_color__hover_enabled=&#8221;off&#8221; button_two_bg_color__hover_enabled=&#8221;off&#8221;][\/et_pb_contact_field][\/et_pb_contact_form][et_pb_divider show_divider=&#8221;off&#8221; _builder_version=&#8221;4.16&#8243; _module_preset=&#8221;default&#8221; global_colors_info=&#8221;{}&#8221;][\/et_pb_divider][\/et_pb_column][\/et_pb_row][\/et_pb_section][et_pb_section fb_built=&#8221;1&#8243; _builder_version=&#8221;4.21.0&#8243; _module_preset=&#8221;default&#8221; global_colors_info=&#8221;{}&#8221;][et_pb_row _builder_version=&#8221;4.21.0&#8243; _module_preset=&#8221;default&#8221; global_colors_info=&#8221;{}&#8221;][et_pb_column type=&#8221;4_4&#8243; _builder_version=&#8221;4.21.0&#8243; _module_preset=&#8221;default&#8221; global_colors_info=&#8221;{}&#8221;][wpforms_selector form_id=&#8221;32083&#8243; _builder_version=&#8221;4.21.0&#8243; _module_preset=&#8221;default&#8221; global_colors_info=&#8221;{}&#8221;][\/wpforms_selector][\/et_pb_column][\/et_pb_row][\/et_pb_section][et_pb_section fb_built=&#8221;1&#8243; _builder_version=&#8221;4.16&#8243; _module_preset=&#8221;default&#8221; global_colors_info=&#8221;{}&#8221;][et_pb_row _builder_version=&#8221;4.16&#8243; _module_preset=&#8221;default&#8221; global_colors_info=&#8221;{}&#8221;][et_pb_column type=&#8221;4_4&#8243; _builder_version=&#8221;4.16&#8243; _module_preset=&#8221;default&#8221; global_colors_info=&#8221;{}&#8221;][et_pb_text _builder_version=&#8221;4.16&#8243; _module_preset=&#8221;default&#8221; global_colors_info=&#8221;{}&#8221;]<\/p>\n<h2 style=\"text-align: center;\"><strong><\/strong><\/h2>\n<h2 style=\"text-align: center;\"><strong><\/strong><\/h2>\n<h2 style=\"text-align: center;\"><strong>Na mapie znajdziesz nas tutaj:<\/strong><\/h2>\n<p><strong><\/strong><\/p>\n<p><strong><\/strong><\/p>\n<p>[\/et_pb_text][\/et_pb_column][\/et_pb_row][\/et_pb_section][et_pb_section fb_built=&#8221;1&#8243; fullwidth=&#8221;on&#8221; _builder_version=&#8221;4.16&#8243; _module_preset=&#8221;default&#8221; top_divider_color=&#8221;#FFFFFF&#8221; global_colors_info=&#8221;{}&#8221;][et_pb_fullwidth_code _builder_version=&#8221;4.16&#8243; _module_preset=&#8221;default&#8221; text_orientation=&#8221;center&#8221; global_colors_info=&#8221;{}&#8221;]<iframe loading=\"lazy\" src=\"https:\/\/www.google.com\/maps\/embed?pb=!1m18!1m12!1m3!1d2363.7851673946957!2d17.35852841606311!3d53.66863048004781!2m3!1f0!2f0!3f0!3m2!1i1024!2i768!4f13.1!3m3!1m2!1s0x47023713c94a7f05%3A0x7bb83749c9023cdc!2sPowiatowe%20Centrum%20Pomocy%20Rodzinie!5e0!3m2!1spl!2spl!4v1612138793122!5m2!1spl!2spl\" width=\"80%\" height=\"450px\" align=\"center\" frameborder=\"0\" style=\"border:0;\" allowfullscreen=\"\" aria-hidden=\"true\" tabindex=\"0\"><\/iframe>[\/et_pb_fullwidth_code][\/et_pb_section][et_pb_section fb_built=&#8221;1&#8243; admin_label=&#8221;Blog&#8221; _builder_version=&#8221;4.16&#8243; background_color=&#8221;#F9F9F9&#8243; custom_margin=&#8221;-1px|||||&#8221; custom_padding=&#8221;||102px|||&#8221; bottom_divider_style=&#8221;slant&#8221; bottom_divider_color=&#8221;#292929&#8243; bottom_divider_flip=&#8221;horizontal&#8221; global_colors_info=&#8221;{}&#8221;][\/et_pb_section]<\/p>\n","protected":false},"excerpt":{"rendered":"<p>KONTAKT-\u00a0 Kierownik Powiatowego Centrum Pomocy Rodzinie: mgr Pawe\u0142 Kisielowski Zast\u0119pca Kierownika: mgr Monika Zawada &nbsp; DANE TELEADRESOWE: TELEFON: 59 715 49 80 E-FAX: 59 715 49 95 UL. WOJSKA POLSKIEGO 5, 77-300 CZ\u0141UCH\u00d3W Dodatkowy kontakt: &#8211; sprawy zwi\u0105zane z PCPR, piecz\u0105 zast\u0119pcz\u0105, usamodzielnianiem, kierowaniem do DPS \u2013 tel. 602 153 042 &#8211; sprawy zwi\u0105zane z [&hellip;]<\/p>\n","protected":false},"author":1,"featured_media":0,"parent":0,"menu_order":0,"comment_status":"closed","ping_status":"closed","template":"","meta":{"_et_pb_use_builder":"on","_et_pb_old_content":"<!-- wp:divi\/placeholder \/-->","_et_gb_content_width":"","footnotes":""},"class_list":["post-50","page","type-page","status-publish","hentry"],"_links":{"self":[{"href":"https:\/\/www.pcprczluchow.pl\/index.php?rest_route=\/wp\/v2\/pages\/50","targetHints":{"allow":["GET"]}}],"collection":[{"href":"https:\/\/www.pcprczluchow.pl\/index.php?rest_route=\/wp\/v2\/pages"}],"about":[{"href":"https:\/\/www.pcprczluchow.pl\/index.php?rest_route=\/wp\/v2\/types\/page"}],"author":[{"embeddable":true,"href":"https:\/\/www.pcprczluchow.pl\/index.php?rest_route=\/wp\/v2\/users\/1"}],"replies":[{"embeddable":true,"href":"https:\/\/www.pcprczluchow.pl\/index.php?rest_route=%2Fwp%2Fv2%2Fcomments&post=50"}],"version-history":[{"count":36,"href":"https:\/\/www.pcprczluchow.pl\/index.php?rest_route=\/wp\/v2\/pages\/50\/revisions"}],"predecessor-version":[{"id":32129,"href":"https:\/\/www.pcprczluchow.pl\/index.php?rest_route=\/wp\/v2\/pages\/50\/revisions\/32129"}],"wp:attachment":[{"href":"https:\/\/www.pcprczluchow.pl\/index.php?rest_route=%2Fwp%2Fv2%2Fmedia&parent=50"}],"curies":[{"name":"wp","href":"https:\/\/api.w.org\/{rel}","templated":true}]}}